{"id":1711,"date":"2020-11-24T21:09:12","date_gmt":"2020-11-24T18:09:12","guid":{"rendered":"https:\/\/rigas-dzirnavnieks.lv\/grain-purchase-prices\/"},"modified":"2022-05-24T10:13:10","modified_gmt":"2022-05-24T07:13:10","slug":"grain-purchase-prices","status":"publish","type":"page","link":"https:\/\/rigas-dzirnavnieks.lv\/en\/grain-purchase-prices\/","title":{"rendered":"Grain purchase prices"},"content":{"rendered":"<div class=\"pricing\">\n<div class=\"pricing__blocks clear\">\n<div class=\"pricing__block\">\n<div class=\"pricing__label\">For most accurate prices, please contact purchasing specialist.<\/div>\n<div class=\"pricing__row\"><\/div>\n<div class=\"pricing__row clear\">\n<div class=\"pricing__subval\"><\/div>\n<\/div>\n<\/div>\n<div class=\"custom-columns\">\n<div>\n<h4><strong>Contacts:<\/strong><\/h4>\n<p>AS \u201cR\u012bgas dzirnavnieks\u201d<\/p>\n<p>Re\u0123. nr. 40003026603<\/p>\n<p>Lizuma street-5, Riga, LV-1006, Latvia<\/p>\n<p>Tel. <a href=\"tel:+371 20041099\">+371 20041099<\/a><\/p>\n<p>AS \u201cSwedbank\u201d<\/p>\n<p>HABALV22<\/p>\n<p>LV33HABA0001408038244\n<\/p><\/div>\n<div class=\"pricing__block pricing__block--framed\">\n<div class=\"pricing__label\">Adrese:<\/div>\n<div class=\"pricing__row\" style=\"margin-top: 12px;\">Lizuma street-5, Riga, LV-1006, Latvia<\/div>\n<p>&nbsp;<\/p>\n<div class=\"pricing__label\">Working hours of grain acceptance:<\/div>\n<div class=\"pricing__row\" style=\"margin-top: 12px;\">M.-F. 8.00-16.00<\/div>\n<p>&nbsp;<\/p>\n<div class=\"pricing__label\">Contacts:<\/div>\n<div class=\"pricing__row\" style=\"margin-top: 12px;\">Tel. <a href=\"tel:+37125649576\">+371 27070964<\/a><\/div>\n<div class=\"pricing__row\">E-pasts: <a href=\"mailto:grain@rigas-dzirnavnieks.lv\">grain@rigas-dzirnavnieks.lv<\/a><\/div>\n<\/div>\n<\/div>\n<\/div>\n","protected":false},"excerpt":{"rendered":"<p>For most accurate prices, please contact purchasing specialist. Contacts: AS \u201cR\u012bgas dzirnavnieks\u201d Re\u0123. nr. 40003026603 Lizuma street-5, Riga, LV-1006, Latvia Tel. +371 20041099 AS \u201cSwedbank\u201d HABALV22 LV33HABA0001408038244 Adrese: Lizuma street-5, Riga, LV-1006, Latvia &nbsp; Working hours of grain acceptance: M.-F. 8.00-16.00 &nbsp; Contacts: Tel. +371 27070964 E-pasts: grain@rigas-dzirnavnieks.lv<\/p>\n","protected":false},"author":11,"featured_media":1239,"parent":0,"menu_order":31,"comment_status":"closed","ping_status":"closed","template":"","meta":{"_acf_changed":false,"footnotes":""},"class_list":["post-1711","page","type-page","status-publish","has-post-thumbnail","hentry"],"acf":[],"yoast_head":"<!-- This site is optimized with the Yoast SEO plugin v25.4 - https:\/\/yoast.com\/wordpress\/plugins\/seo\/ -->\n<title>Grain purchase prices &#8212; R\u012bgas Dzirnavnieks<\/title>\n<meta name=\"robots\" content=\"index, follow, max-snippet:-1, max-image-preview:large, max-video-preview:-1\" \/>\n<link rel=\"canonical\" href=\"https:\/\/rigas-dzirnavnieks.lv\/graudu-pienemsanas-punkts\/\" \/>\n<meta property=\"og:locale\" content=\"en_US\" \/>\n<meta property=\"og:type\" content=\"article\" \/>\n<meta property=\"og:title\" content=\"Grain purchase prices &#8212; R\u012bgas Dzirnavnieks\" \/>\n<meta property=\"og:description\" content=\"For most accurate prices, please contact purchasing specialist. Contacts: AS \u201cR\u012bgas dzirnavnieks\u201d Re\u0123. nr. 40003026603 Lizuma street-5, Riga, LV-1006, Latvia Tel. +371 20041099 AS \u201cSwedbank\u201d HABALV22 LV33HABA0001408038244 Adrese: Lizuma street-5, Riga, LV-1006, Latvia &nbsp; Working hours of grain acceptance: M.-F. 8.00-16.00 &nbsp; Contacts: Tel. +371 27070964 E-pasts: grain@rigas-dzirnavnieks.lv\" \/>\n<meta property=\"og:url\" content=\"https:\/\/rigas-dzirnavnieks.lv\/graudu-pienemsanas-punkts\/\" \/>\n<meta property=\"og:site_name\" content=\"R\u012bgas Dzirnavnieks\" \/>\n<meta property=\"article:publisher\" content=\"https:\/\/www.facebook.com\/Herkulesslv\" \/>\n<meta property=\"article:modified_time\" content=\"2022-05-24T07:13:10+00:00\" \/>\n<meta property=\"og:image\" content=\"https:\/\/rigas-dzirnavnieks.lv\/wp-content\/uploads\/2020\/11\/2019.08.06.fotoA_.Pozarskis-0086.jpg\" \/>\n\t<meta property=\"og:image:width\" content=\"2000\" \/>\n\t<meta property=\"og:image:height\" content=\"1333\" \/>\n\t<meta property=\"og:image:type\" content=\"image\/jpeg\" \/>\n<meta name=\"twitter:card\" content=\"summary_large_image\" \/>\n<script type=\"application\/ld+json\" class=\"yoast-schema-graph\">{\"@context\":\"https:\/\/schema.org\",\"@graph\":[{\"@type\":\"WebPage\",\"@id\":\"https:\/\/rigas-dzirnavnieks.lv\/graudu-pienemsanas-punkts\/\",\"url\":\"https:\/\/rigas-dzirnavnieks.lv\/graudu-pienemsanas-punkts\/\",\"name\":\"Grain purchase prices &#8212; R\u012bgas Dzirnavnieks\",\"isPartOf\":{\"@id\":\"https:\/\/rigas-dzirnavnieks.lv\/#website\"},\"primaryImageOfPage\":{\"@id\":\"https:\/\/rigas-dzirnavnieks.lv\/graudu-pienemsanas-punkts\/#primaryimage\"},\"image\":{\"@id\":\"https:\/\/rigas-dzirnavnieks.lv\/graudu-pienemsanas-punkts\/#primaryimage\"},\"thumbnailUrl\":\"https:\/\/rigas-dzirnavnieks.lv\/wp-content\/uploads\/2020\/11\/2019.08.06.fotoA_.Pozarskis-0086.jpg\",\"datePublished\":\"2020-11-24T18:09:12+00:00\",\"dateModified\":\"2022-05-24T07:13:10+00:00\",\"breadcrumb\":{\"@id\":\"https:\/\/rigas-dzirnavnieks.lv\/graudu-pienemsanas-punkts\/#breadcrumb\"},\"inLanguage\":\"en-US\",\"potentialAction\":[{\"@type\":\"ReadAction\",\"target\":[\"https:\/\/rigas-dzirnavnieks.lv\/graudu-pienemsanas-punkts\/\"]}]},{\"@type\":\"ImageObject\",\"inLanguage\":\"en-US\",\"@id\":\"https:\/\/rigas-dzirnavnieks.lv\/graudu-pienemsanas-punkts\/#primaryimage\",\"url\":\"https:\/\/rigas-dzirnavnieks.lv\/wp-content\/uploads\/2020\/11\/2019.08.06.fotoA_.Pozarskis-0086.jpg\",\"contentUrl\":\"https:\/\/rigas-dzirnavnieks.lv\/wp-content\/uploads\/2020\/11\/2019.08.06.fotoA_.Pozarskis-0086.jpg\",\"width\":2000,\"height\":1333,\"caption\":\"2019.08.06. R\u012bgas Dzirnavnieks. P\u013cav\u0101s. Foto: Anrijs Po\u017earskis\"},{\"@type\":\"BreadcrumbList\",\"@id\":\"https:\/\/rigas-dzirnavnieks.lv\/graudu-pienemsanas-punkts\/#breadcrumb\",\"itemListElement\":[{\"@type\":\"ListItem\",\"position\":1,\"name\":\"Home\",\"item\":\"https:\/\/rigas-dzirnavnieks.lv\/en\/\"},{\"@type\":\"ListItem\",\"position\":2,\"name\":\"Grain purchase prices\"}]},{\"@type\":\"WebSite\",\"@id\":\"https:\/\/rigas-dzirnavnieks.lv\/#website\",\"url\":\"https:\/\/rigas-dzirnavnieks.lv\/\",\"name\":\"R\u012bgas Dzirnavnieks\",\"description\":\"One of the largest grain processing companies in the Baltic.\",\"publisher\":{\"@id\":\"https:\/\/rigas-dzirnavnieks.lv\/#organization\"},\"potentialAction\":[{\"@type\":\"SearchAction\",\"target\":{\"@type\":\"EntryPoint\",\"urlTemplate\":\"https:\/\/rigas-dzirnavnieks.lv\/?s={search_term_string}\"},\"query-input\":{\"@type\":\"PropertyValueSpecification\",\"valueRequired\":true,\"valueName\":\"search_term_string\"}}],\"inLanguage\":\"en-US\"},{\"@type\":\"Organization\",\"@id\":\"https:\/\/rigas-dzirnavnieks.lv\/#organization\",\"name\":\"AS \\\"R\u012bgas Dzirnavnieks\\\"\",\"url\":\"https:\/\/rigas-dzirnavnieks.lv\/\",\"logo\":{\"@type\":\"ImageObject\",\"inLanguage\":\"en-US\",\"@id\":\"https:\/\/rigas-dzirnavnieks.lv\/#\/schema\/logo\/image\/\",\"url\":\"https:\/\/rigas-dzirnavnieks.lv\/wp-content\/uploads\/2020\/11\/Rigas_Dzirnavnieks_logo.jpg\",\"contentUrl\":\"https:\/\/rigas-dzirnavnieks.lv\/wp-content\/uploads\/2020\/11\/Rigas_Dzirnavnieks_logo.jpg\",\"width\":1253,\"height\":618,\"caption\":\"AS \\\"R\u012bgas Dzirnavnieks\\\"\"},\"image\":{\"@id\":\"https:\/\/rigas-dzirnavnieks.lv\/#\/schema\/logo\/image\/\"},\"sameAs\":[\"https:\/\/www.facebook.com\/Herkulesslv\",\"https:\/\/www.instagram.com\/herkuless_latvija\/\",\"https:\/\/www.linkedin.com\/company\/as-r\u012bgas-dzirnavnieks\/\"]}]}<\/script>\n<!-- \/ Yoast SEO plugin. -->","yoast_head_json":{"title":"Grain purchase prices &#8212; R\u012bgas Dzirnavnieks","robots":{"index":"index","follow":"follow","max-snippet":"max-snippet:-1","max-image-preview":"max-image-preview:large","max-video-preview":"max-video-preview:-1"},"canonical":"https:\/\/rigas-dzirnavnieks.lv\/graudu-pienemsanas-punkts\/","og_locale":"en_US","og_type":"article","og_title":"Grain purchase prices &#8212; R\u012bgas Dzirnavnieks","og_description":"For most accurate prices, please contact purchasing specialist. Contacts: AS \u201cR\u012bgas dzirnavnieks\u201d Re\u0123. nr. 40003026603 Lizuma street-5, Riga, LV-1006, Latvia Tel. +371 20041099 AS \u201cSwedbank\u201d HABALV22 LV33HABA0001408038244 Adrese: Lizuma street-5, Riga, LV-1006, Latvia &nbsp; Working hours of grain acceptance: M.-F. 8.00-16.00 &nbsp; Contacts: Tel. +371 27070964 E-pasts: grain@rigas-dzirnavnieks.lv","og_url":"https:\/\/rigas-dzirnavnieks.lv\/graudu-pienemsanas-punkts\/","og_site_name":"R\u012bgas Dzirnavnieks","article_publisher":"https:\/\/www.facebook.com\/Herkulesslv","article_modified_time":"2022-05-24T07:13:10+00:00","og_image":[{"width":2000,"height":1333,"url":"https:\/\/rigas-dzirnavnieks.lv\/wp-content\/uploads\/2020\/11\/2019.08.06.fotoA_.Pozarskis-0086.jpg","type":"image\/jpeg"}],"twitter_card":"summary_large_image","schema":{"@context":"https:\/\/schema.org","@graph":[{"@type":"WebPage","@id":"https:\/\/rigas-dzirnavnieks.lv\/graudu-pienemsanas-punkts\/","url":"https:\/\/rigas-dzirnavnieks.lv\/graudu-pienemsanas-punkts\/","name":"Grain purchase prices &#8212; R\u012bgas Dzirnavnieks","isPartOf":{"@id":"https:\/\/rigas-dzirnavnieks.lv\/#website"},"primaryImageOfPage":{"@id":"https:\/\/rigas-dzirnavnieks.lv\/graudu-pienemsanas-punkts\/#primaryimage"},"image":{"@id":"https:\/\/rigas-dzirnavnieks.lv\/graudu-pienemsanas-punkts\/#primaryimage"},"thumbnailUrl":"https:\/\/rigas-dzirnavnieks.lv\/wp-content\/uploads\/2020\/11\/2019.08.06.fotoA_.Pozarskis-0086.jpg","datePublished":"2020-11-24T18:09:12+00:00","dateModified":"2022-05-24T07:13:10+00:00","breadcrumb":{"@id":"https:\/\/rigas-dzirnavnieks.lv\/graudu-pienemsanas-punkts\/#breadcrumb"},"inLanguage":"en-US","potentialAction":[{"@type":"ReadAction","target":["https:\/\/rigas-dzirnavnieks.lv\/graudu-pienemsanas-punkts\/"]}]},{"@type":"ImageObject","inLanguage":"en-US","@id":"https:\/\/rigas-dzirnavnieks.lv\/graudu-pienemsanas-punkts\/#primaryimage","url":"https:\/\/rigas-dzirnavnieks.lv\/wp-content\/uploads\/2020\/11\/2019.08.06.fotoA_.Pozarskis-0086.jpg","contentUrl":"https:\/\/rigas-dzirnavnieks.lv\/wp-content\/uploads\/2020\/11\/2019.08.06.fotoA_.Pozarskis-0086.jpg","width":2000,"height":1333,"caption":"2019.08.06. R\u012bgas Dzirnavnieks. P\u013cav\u0101s. Foto: Anrijs Po\u017earskis"},{"@type":"BreadcrumbList","@id":"https:\/\/rigas-dzirnavnieks.lv\/graudu-pienemsanas-punkts\/#breadcrumb","itemListElement":[{"@type":"ListItem","position":1,"name":"Home","item":"https:\/\/rigas-dzirnavnieks.lv\/en\/"},{"@type":"ListItem","position":2,"name":"Grain purchase prices"}]},{"@type":"WebSite","@id":"https:\/\/rigas-dzirnavnieks.lv\/#website","url":"https:\/\/rigas-dzirnavnieks.lv\/","name":"R\u012bgas Dzirnavnieks","description":"One of the largest grain processing companies in the Baltic.","publisher":{"@id":"https:\/\/rigas-dzirnavnieks.lv\/#organization"},"potentialAction":[{"@type":"SearchAction","target":{"@type":"EntryPoint","urlTemplate":"https:\/\/rigas-dzirnavnieks.lv\/?s={search_term_string}"},"query-input":{"@type":"PropertyValueSpecification","valueRequired":true,"valueName":"search_term_string"}}],"inLanguage":"en-US"},{"@type":"Organization","@id":"https:\/\/rigas-dzirnavnieks.lv\/#organization","name":"AS \"R\u012bgas Dzirnavnieks\"","url":"https:\/\/rigas-dzirnavnieks.lv\/","logo":{"@type":"ImageObject","inLanguage":"en-US","@id":"https:\/\/rigas-dzirnavnieks.lv\/#\/schema\/logo\/image\/","url":"https:\/\/rigas-dzirnavnieks.lv\/wp-content\/uploads\/2020\/11\/Rigas_Dzirnavnieks_logo.jpg","contentUrl":"https:\/\/rigas-dzirnavnieks.lv\/wp-content\/uploads\/2020\/11\/Rigas_Dzirnavnieks_logo.jpg","width":1253,"height":618,"caption":"AS \"R\u012bgas Dzirnavnieks\""},"image":{"@id":"https:\/\/rigas-dzirnavnieks.lv\/#\/schema\/logo\/image\/"},"sameAs":["https:\/\/www.facebook.com\/Herkulesslv","https:\/\/www.instagram.com\/herkuless_latvija\/","https:\/\/www.linkedin.com\/company\/as-r\u012bgas-dzirnavnieks\/"]}]}},"_links":{"self":[{"href":"https:\/\/rigas-dzirnavnieks.lv\/en\/wp-json\/wp\/v2\/pages\/1711","targetHints":{"allow":["GET"]}}],"collection":[{"href":"https:\/\/rigas-dzirnavnieks.lv\/en\/wp-json\/wp\/v2\/pages"}],"about":[{"href":"https:\/\/rigas-dzirnavnieks.lv\/en\/wp-json\/wp\/v2\/types\/page"}],"author":[{"embeddable":true,"href":"https:\/\/rigas-dzirnavnieks.lv\/en\/wp-json\/wp\/v2\/users\/11"}],"replies":[{"embeddable":true,"href":"https:\/\/rigas-dzirnavnieks.lv\/en\/wp-json\/wp\/v2\/comments?post=1711"}],"version-history":[{"count":23,"href":"https:\/\/rigas-dzirnavnieks.lv\/en\/wp-json\/wp\/v2\/pages\/1711\/revisions"}],"predecessor-version":[{"id":3306,"href":"https:\/\/rigas-dzirnavnieks.lv\/en\/wp-json\/wp\/v2\/pages\/1711\/revisions\/3306"}],"wp:featuredmedia":[{"embeddable":true,"href":"https:\/\/rigas-dzirnavnieks.lv\/en\/wp-json\/wp\/v2\/media\/1239"}],"wp:attachment":[{"href":"https:\/\/rigas-dzirnavnieks.lv\/en\/wp-json\/wp\/v2\/media?parent=1711"}],"curies":[{"name":"wp","href":"https:\/\/api.w.org\/{rel}","templated":true}]}}