{"id":1733,"date":"2020-11-24T21:46:24","date_gmt":"2020-11-24T18:46:24","guid":{"rendered":"https:\/\/rigas-dzirnavnieks.lv\/companys-history\/"},"modified":"2020-11-25T12:59:54","modified_gmt":"2020-11-25T09:59:54","slug":"companys-history","status":"publish","type":"page","link":"https:\/\/rigas-dzirnavnieks.lv\/en\/companys-history\/","title":{"rendered":"Company&#8217;s history"},"content":{"rendered":"<p>JSC &#8220;R\u012bgas dzirnavnieks&#8221; is currently one of the largest grain processing companies in the Baltic states, which produces and exports high quality industrial and consumer products- all types of wheat, rye and oat flour, flour mixtures, cereal flakes and other products under the well-known brand Herkuless.<\/p>\n","protected":false},"excerpt":{"rendered":"<p>JSC &#8220;R\u012bgas dzirnavnieks&#8221; is currently one of the largest grain processing companies in the Baltic states, which produces and exports high quality industrial and consumer products- all types of wheat, rye and oat flour, flour mixtures, cereal flakes and other products under the well-known brand Herkuless.<\/p>\n","protected":false},"author":11,"featured_media":1239,"parent":0,"menu_order":0,"comment_status":"closed","ping_status":"closed","template":"template-history.php","meta":{"_acf_changed":false,"footnotes":""},"class_list":["post-1733","page","type-page","status-publish","has-post-thumbnail","hentry"],"acf":[],"yoast_head":"<!-- This site is optimized with the Yoast SEO plugin v25.4 - https:\/\/yoast.com\/wordpress\/plugins\/seo\/ -->\n<title>Company&#039;s history &#8212; R\u012bgas Dzirnavnieks<\/title>\n<meta name=\"robots\" content=\"index, follow, max-snippet:-1, max-image-preview:large, max-video-preview:-1\" \/>\n<link rel=\"canonical\" href=\"https:\/\/rigas-dzirnavnieks.lv\/uznemuma-vesture\/\" \/>\n<meta property=\"og:locale\" content=\"en_US\" \/>\n<meta property=\"og:type\" content=\"article\" \/>\n<meta property=\"og:title\" content=\"Company&#039;s history &#8212; R\u012bgas Dzirnavnieks\" \/>\n<meta property=\"og:description\" content=\"JSC &#8220;R\u012bgas dzirnavnieks&#8221; is currently one of the largest grain processing companies in the Baltic states, which produces and exports high quality industrial and consumer products- all types of wheat, rye and oat flour, flour mixtures, cereal flakes and other products under the well-known brand Herkuless.\" \/>\n<meta property=\"og:url\" content=\"https:\/\/rigas-dzirnavnieks.lv\/uznemuma-vesture\/\" \/>\n<meta property=\"og:site_name\" content=\"R\u012bgas Dzirnavnieks\" \/>\n<meta property=\"article:publisher\" content=\"https:\/\/www.facebook.com\/Herkulesslv\" \/>\n<meta property=\"article:modified_time\" content=\"2020-11-25T09:59:54+00:00\" \/>\n<meta property=\"og:image\" content=\"https:\/\/rigas-dzirnavnieks.lv\/wp-content\/uploads\/2020\/11\/2019.08.06.fotoA_.Pozarskis-0086.jpg\" \/>\n\t<meta property=\"og:image:width\" content=\"2000\" \/>\n\t<meta property=\"og:image:height\" content=\"1333\" \/>\n\t<meta property=\"og:image:type\" content=\"image\/jpeg\" \/>\n<meta name=\"twitter:card\" content=\"summary_large_image\" \/>\n<script type=\"application\/ld+json\" class=\"yoast-schema-graph\">{\"@context\":\"https:\/\/schema.org\",\"@graph\":[{\"@type\":\"WebPage\",\"@id\":\"https:\/\/rigas-dzirnavnieks.lv\/uznemuma-vesture\/\",\"url\":\"https:\/\/rigas-dzirnavnieks.lv\/uznemuma-vesture\/\",\"name\":\"Company's history &#8212; R\u012bgas Dzirnavnieks\",\"isPartOf\":{\"@id\":\"https:\/\/rigas-dzirnavnieks.lv\/#website\"},\"primaryImageOfPage\":{\"@id\":\"https:\/\/rigas-dzirnavnieks.lv\/uznemuma-vesture\/#primaryimage\"},\"image\":{\"@id\":\"https:\/\/rigas-dzirnavnieks.lv\/uznemuma-vesture\/#primaryimage\"},\"thumbnailUrl\":\"https:\/\/rigas-dzirnavnieks.lv\/wp-content\/uploads\/2020\/11\/2019.08.06.fotoA_.Pozarskis-0086.jpg\",\"datePublished\":\"2020-11-24T18:46:24+00:00\",\"dateModified\":\"2020-11-25T09:59:54+00:00\",\"breadcrumb\":{\"@id\":\"https:\/\/rigas-dzirnavnieks.lv\/uznemuma-vesture\/#breadcrumb\"},\"inLanguage\":\"en-US\",\"potentialAction\":[{\"@type\":\"ReadAction\",\"target\":[\"https:\/\/rigas-dzirnavnieks.lv\/uznemuma-vesture\/\"]}]},{\"@type\":\"ImageObject\",\"inLanguage\":\"en-US\",\"@id\":\"https:\/\/rigas-dzirnavnieks.lv\/uznemuma-vesture\/#primaryimage\",\"url\":\"https:\/\/rigas-dzirnavnieks.lv\/wp-content\/uploads\/2020\/11\/2019.08.06.fotoA_.Pozarskis-0086.jpg\",\"contentUrl\":\"https:\/\/rigas-dzirnavnieks.lv\/wp-content\/uploads\/2020\/11\/2019.08.06.fotoA_.Pozarskis-0086.jpg\",\"width\":2000,\"height\":1333,\"caption\":\"2019.08.06. R\u012bgas Dzirnavnieks. P\u013cav\u0101s. Foto: Anrijs Po\u017earskis\"},{\"@type\":\"BreadcrumbList\",\"@id\":\"https:\/\/rigas-dzirnavnieks.lv\/uznemuma-vesture\/#breadcrumb\",\"itemListElement\":[{\"@type\":\"ListItem\",\"position\":1,\"name\":\"Home\",\"item\":\"https:\/\/rigas-dzirnavnieks.lv\/en\/\"},{\"@type\":\"ListItem\",\"position\":2,\"name\":\"Company&#8217;s history\"}]},{\"@type\":\"WebSite\",\"@id\":\"https:\/\/rigas-dzirnavnieks.lv\/#website\",\"url\":\"https:\/\/rigas-dzirnavnieks.lv\/\",\"name\":\"R\u012bgas Dzirnavnieks\",\"description\":\"One of the largest grain processing companies in the Baltic.\",\"publisher\":{\"@id\":\"https:\/\/rigas-dzirnavnieks.lv\/#organization\"},\"potentialAction\":[{\"@type\":\"SearchAction\",\"target\":{\"@type\":\"EntryPoint\",\"urlTemplate\":\"https:\/\/rigas-dzirnavnieks.lv\/?s={search_term_string}\"},\"query-input\":{\"@type\":\"PropertyValueSpecification\",\"valueRequired\":true,\"valueName\":\"search_term_string\"}}],\"inLanguage\":\"en-US\"},{\"@type\":\"Organization\",\"@id\":\"https:\/\/rigas-dzirnavnieks.lv\/#organization\",\"name\":\"AS \\\"R\u012bgas Dzirnavnieks\\\"\",\"url\":\"https:\/\/rigas-dzirnavnieks.lv\/\",\"logo\":{\"@type\":\"ImageObject\",\"inLanguage\":\"en-US\",\"@id\":\"https:\/\/rigas-dzirnavnieks.lv\/#\/schema\/logo\/image\/\",\"url\":\"https:\/\/rigas-dzirnavnieks.lv\/wp-content\/uploads\/2020\/11\/Rigas_Dzirnavnieks_logo.jpg\",\"contentUrl\":\"https:\/\/rigas-dzirnavnieks.lv\/wp-content\/uploads\/2020\/11\/Rigas_Dzirnavnieks_logo.jpg\",\"width\":1253,\"height\":618,\"caption\":\"AS \\\"R\u012bgas Dzirnavnieks\\\"\"},\"image\":{\"@id\":\"https:\/\/rigas-dzirnavnieks.lv\/#\/schema\/logo\/image\/\"},\"sameAs\":[\"https:\/\/www.facebook.com\/Herkulesslv\",\"https:\/\/www.instagram.com\/herkuless_latvija\/\",\"https:\/\/www.linkedin.com\/company\/as-r\u012bgas-dzirnavnieks\/\"]}]}<\/script>\n<!-- \/ Yoast SEO plugin. -->","yoast_head_json":{"title":"Company's history &#8212; R\u012bgas Dzirnavnieks","robots":{"index":"index","follow":"follow","max-snippet":"max-snippet:-1","max-image-preview":"max-image-preview:large","max-video-preview":"max-video-preview:-1"},"canonical":"https:\/\/rigas-dzirnavnieks.lv\/uznemuma-vesture\/","og_locale":"en_US","og_type":"article","og_title":"Company's history &#8212; R\u012bgas Dzirnavnieks","og_description":"JSC &#8220;R\u012bgas dzirnavnieks&#8221; is currently one of the largest grain processing companies in the Baltic states, which produces and exports high quality industrial and consumer products- all types of wheat, rye and oat flour, flour mixtures, cereal flakes and other products under the well-known brand Herkuless.","og_url":"https:\/\/rigas-dzirnavnieks.lv\/uznemuma-vesture\/","og_site_name":"R\u012bgas Dzirnavnieks","article_publisher":"https:\/\/www.facebook.com\/Herkulesslv","article_modified_time":"2020-11-25T09:59:54+00:00","og_image":[{"width":2000,"height":1333,"url":"https:\/\/rigas-dzirnavnieks.lv\/wp-content\/uploads\/2020\/11\/2019.08.06.fotoA_.Pozarskis-0086.jpg","type":"image\/jpeg"}],"twitter_card":"summary_large_image","schema":{"@context":"https:\/\/schema.org","@graph":[{"@type":"WebPage","@id":"https:\/\/rigas-dzirnavnieks.lv\/uznemuma-vesture\/","url":"https:\/\/rigas-dzirnavnieks.lv\/uznemuma-vesture\/","name":"Company's history &#8212; R\u012bgas Dzirnavnieks","isPartOf":{"@id":"https:\/\/rigas-dzirnavnieks.lv\/#website"},"primaryImageOfPage":{"@id":"https:\/\/rigas-dzirnavnieks.lv\/uznemuma-vesture\/#primaryimage"},"image":{"@id":"https:\/\/rigas-dzirnavnieks.lv\/uznemuma-vesture\/#primaryimage"},"thumbnailUrl":"https:\/\/rigas-dzirnavnieks.lv\/wp-content\/uploads\/2020\/11\/2019.08.06.fotoA_.Pozarskis-0086.jpg","datePublished":"2020-11-24T18:46:24+00:00","dateModified":"2020-11-25T09:59:54+00:00","breadcrumb":{"@id":"https:\/\/rigas-dzirnavnieks.lv\/uznemuma-vesture\/#breadcrumb"},"inLanguage":"en-US","potentialAction":[{"@type":"ReadAction","target":["https:\/\/rigas-dzirnavnieks.lv\/uznemuma-vesture\/"]}]},{"@type":"ImageObject","inLanguage":"en-US","@id":"https:\/\/rigas-dzirnavnieks.lv\/uznemuma-vesture\/#primaryimage","url":"https:\/\/rigas-dzirnavnieks.lv\/wp-content\/uploads\/2020\/11\/2019.08.06.fotoA_.Pozarskis-0086.jpg","contentUrl":"https:\/\/rigas-dzirnavnieks.lv\/wp-content\/uploads\/2020\/11\/2019.08.06.fotoA_.Pozarskis-0086.jpg","width":2000,"height":1333,"caption":"2019.08.06. R\u012bgas Dzirnavnieks. P\u013cav\u0101s. Foto: Anrijs Po\u017earskis"},{"@type":"BreadcrumbList","@id":"https:\/\/rigas-dzirnavnieks.lv\/uznemuma-vesture\/#breadcrumb","itemListElement":[{"@type":"ListItem","position":1,"name":"Home","item":"https:\/\/rigas-dzirnavnieks.lv\/en\/"},{"@type":"ListItem","position":2,"name":"Company&#8217;s history"}]},{"@type":"WebSite","@id":"https:\/\/rigas-dzirnavnieks.lv\/#website","url":"https:\/\/rigas-dzirnavnieks.lv\/","name":"R\u012bgas Dzirnavnieks","description":"One of the largest grain processing companies in the Baltic.","publisher":{"@id":"https:\/\/rigas-dzirnavnieks.lv\/#organization"},"potentialAction":[{"@type":"SearchAction","target":{"@type":"EntryPoint","urlTemplate":"https:\/\/rigas-dzirnavnieks.lv\/?s={search_term_string}"},"query-input":{"@type":"PropertyValueSpecification","valueRequired":true,"valueName":"search_term_string"}}],"inLanguage":"en-US"},{"@type":"Organization","@id":"https:\/\/rigas-dzirnavnieks.lv\/#organization","name":"AS \"R\u012bgas Dzirnavnieks\"","url":"https:\/\/rigas-dzirnavnieks.lv\/","logo":{"@type":"ImageObject","inLanguage":"en-US","@id":"https:\/\/rigas-dzirnavnieks.lv\/#\/schema\/logo\/image\/","url":"https:\/\/rigas-dzirnavnieks.lv\/wp-content\/uploads\/2020\/11\/Rigas_Dzirnavnieks_logo.jpg","contentUrl":"https:\/\/rigas-dzirnavnieks.lv\/wp-content\/uploads\/2020\/11\/Rigas_Dzirnavnieks_logo.jpg","width":1253,"height":618,"caption":"AS \"R\u012bgas Dzirnavnieks\""},"image":{"@id":"https:\/\/rigas-dzirnavnieks.lv\/#\/schema\/logo\/image\/"},"sameAs":["https:\/\/www.facebook.com\/Herkulesslv","https:\/\/www.instagram.com\/herkuless_latvija\/","https:\/\/www.linkedin.com\/company\/as-r\u012bgas-dzirnavnieks\/"]}]}},"_links":{"self":[{"href":"https:\/\/rigas-dzirnavnieks.lv\/en\/wp-json\/wp\/v2\/pages\/1733","targetHints":{"allow":["GET"]}}],"collection":[{"href":"https:\/\/rigas-dzirnavnieks.lv\/en\/wp-json\/wp\/v2\/pages"}],"about":[{"href":"https:\/\/rigas-dzirnavnieks.lv\/en\/wp-json\/wp\/v2\/types\/page"}],"author":[{"embeddable":true,"href":"https:\/\/rigas-dzirnavnieks.lv\/en\/wp-json\/wp\/v2\/users\/11"}],"replies":[{"embeddable":true,"href":"https:\/\/rigas-dzirnavnieks.lv\/en\/wp-json\/wp\/v2\/comments?post=1733"}],"version-history":[{"count":2,"href":"https:\/\/rigas-dzirnavnieks.lv\/en\/wp-json\/wp\/v2\/pages\/1733\/revisions"}],"predecessor-version":[{"id":1774,"href":"https:\/\/rigas-dzirnavnieks.lv\/en\/wp-json\/wp\/v2\/pages\/1733\/revisions\/1774"}],"wp:featuredmedia":[{"embeddable":true,"href":"https:\/\/rigas-dzirnavnieks.lv\/en\/wp-json\/wp\/v2\/media\/1239"}],"wp:attachment":[{"href":"https:\/\/rigas-dzirnavnieks.lv\/en\/wp-json\/wp\/v2\/media?parent=1733"}],"curies":[{"name":"wp","href":"https:\/\/api.w.org\/{rel}","templated":true}]}}